{"id":3997,"date":"2016-11-16T18:45:15","date_gmt":"2016-11-16T18:45:15","guid":{"rendered":"http:\/\/betinaattas.com.ar\/?page_id=3997"},"modified":"2025-03-17T15:11:03","modified_gmt":"2025-03-17T15:11:03","slug":"3997-2","status":"publish","type":"page","link":"https:\/\/betinaattas.com.ar\/?page_id=3997","title":{"rendered":"Exhibitions"},"content":{"rendered":"<p>[vc_row][vc_column][vc_text_separator title=\u00bb2024&#8243; border_width=\u00bb2&#8243;][vc_column_text]<\/p>\n<p class=\"x_MsoNormal\" style=\"text-align: center;\">Solo exhibition \u00abConstellations\u00bb, Alianza Francesa, Buenos Aires. \/\/ Exposici\u00f3n individual \u00abConstelaciones\u00bb, Alianza Francesa, Buenos Aires.<br \/>\nSolo exhibition \u00abEchoes\u00bb, Deva Art Gallery, Buenos Aires. \/\/ Exposici\u00f3n individual \u00abResonancias\u00bb, Deva Art Gallery, Buenos Aires.<br \/>\nCollective exhibition \u00abBicentenary National Salon\u00bb, Concordia, Entre Ri\u0301os. \/\/ Exposici\u00f3n colectiva \u00abSalo\u0301n Nacional Bicentenario\u00bb, Concordia, Entre Ri\u0301os.<br \/>\nCollective exhibition \u00abArtistic Creation Prize\u00bb, Belgrano University, Buenos Aires. \/\/ Exposici\u00f3n colectiva \u00abPremio Creacio\u0301n Arti\u0301stica\u00bb, Universidad de Belgrano, Buenos Aires.<br \/>\nCollective exhibition \u00abLamroth Art\u00bb, Buenos Aires. \/\/ Exposici\u00f3n colectiva \u00abArte Lamroth\u00bb, Buenos Aires.<br \/>\nCollective exhibition \u00abArt Vilo Painting Salon\u00bb, Raggio Foundation, Buenos Aires. \/\/ Exposici\u00f3n colectiva \u00abSalo\u0301n Pintura Art Vilo\u00bb, Fundacio\u0301n Raggio, Buenos Aires.<br \/>\nCollective exhibition \u00abLive Culture\u00bb, Buenos Aires. \/\/ Exposici\u00f3n colectiva \u00abCultura Viva\u00bb, Buenos Aires.<br \/>\nCollective exhibition \u00abMinimun Salon\u00bb, And\u00e9n Cultural Foundation, Buenos Aires. \/\/ Exposici\u00f3n colectiva \u00abSalo\u0301n Mi\u0301nima\u00bb, Fundacio\u0301n Cultural Ande\u0301n, Buenos Aires.<br \/>\nCollective exhibition \u00abPop-Up\u00bb, Roseum Gallery, Buenos Aires. \/\/ Exposici\u00f3n colectiva \u00abPop-Up\u00bb, Galer\u00eda Roseum, Buenos Aires.<\/p>\n<p>[\/vc_column_text][vc_text_separator title=\u00bb2023&#8243; border_width=\u00bb2&#8243;][vc_column_text]<\/p>\n<p class=\"x_MsoNormal\" style=\"text-align: center;\">March. Collective exhibition \u201cGuardianas\u201d. MACAB. Buenos Aires. \/\/ Marzo. Participaci\u00f3n en la exposici\u00f3n \u00abGuardianas\u00bb. MACAB.<\/p>\n<p>[\/vc_column_text][vc_text_separator title=\u00bb2020&#8243; border_width=\u00bb2&#8243;][vc_column_text]<\/p>\n<p class=\"x_MsoNormal\" style=\"text-align: center;\">March.\u00a0Collective exhibition\u00a0\u201cArte en el Delta\u201d. Buenos Aires. \/\/ Marzo. Participaci\u00f3n en Arte en el Delta.<\/p>\n<p style=\"text-align: center;\">March.\u00a0<span lang=\"EN-US\">Exhibiti\u00f3n during the event \u201cWomen Day\u201d.\u00a0<\/span>Hip\u00f3dromo de Palermo. Buenos Aires. \/\/ \u00a0Marzo. Participaci\u00f3n en Women Day. Hip\u00f3dromo de Palermo.<\/p>\n<p style=\"text-align: center;\"><span lang=\"EN-US\">March. Exhibition in Art on Paper NYC.\u00a0<\/span>New York. \/\/ Marzo. Participaci\u00f3n en la feria Art on Paper NYC.<\/p>\n<p>[\/vc_column_text][vc_text_separator title=\u00bb2019&#8243; border_width=\u00bb2&#8243;][vc_column_text]<\/p>\n<p style=\"text-align: center;\"><span lang=\"EN-US\">November. Exhibition in Arte Lamroth. Buenos Aires.<\/span>\u00a0\/\/\u00a0Noviembre. Participaci\u00f3n en Arte Lamroth.<\/p>\n<p class=\"x_MsoNormal\" style=\"text-align: center;\"><span lang=\"EN-US\">August. Exhibition in Mir\u00e1 Art Festival.\u00a0<\/span>Centro Cultural Borges. Buenos Aires.\u00a0\/\/\u00a0Agosto. Participaci\u00f3n en MIR\u00c1 Festival de Arte. Centro Cultural Borges.<\/p>\n<p class=\"x_MsoNormal\" style=\"text-align: center;\">July. Collective exhibition \u201cArte al mundo\u201d at Club Diplom\u00e1tico.\u00a0Buenos Aires.\u00a0\/\/\u00a0Julio. Exposici\u00f3n colectiva \u201cArte al mundo\u201d en Club Diplom\u00e1tico.<\/p>\n<p class=\"x_MsoNormal\" style=\"text-align: center;\"><span lang=\"EN-US\">May. Solo Show \u201cM\u00e1s all\u00e1 del horizonte\u201d at Walmer. Buenos Aires. \/\/ Mayo. Muestra individual \u201cM\u00e1s all\u00e1 del horizonte\u201d en Walmer.<\/span><\/p>\n<p class=\"x_MsoNormal\" style=\"text-align: center;\"><span lang=\"EN-US\">March. Collective exhibition in the 15th edition of Women International Show at Latino Art Museum, Pomona. Los Angeles. \/\/ Marzo.\u00a0<\/span>Participaci\u00f3n en la 15ava edici\u00f3n de la Muestra Internacional de mujeres en el Latino Art Museum de Pomona. Los \u00c1ngeles.<\/p>\n<p>[\/vc_column_text][vc_text_separator title=\u00bb2018&#8243; border_width=\u00bb2&#8243;][vc_column_text]<\/p>\n<p style=\"text-align: center;\">December. Exhibition in Scope Art Fair. Miami. \/\/ Diciembre. Participaci\u00f3n en la feria Scope.Miami.<\/p>\n<div style=\"text-align: center;\"><span id=\"x_gmail-docs-internal-guid-84ab2dc1-7fff-c9aa-b5a3-4f7a5660df46\">November. Selected to participate in the 3rd Bienal of Art Atuel. Mendoza. \/\/ <\/span>Noviembre. Seleccionada para participar en la III Bienal de Arte Atuel. Mendoza.<\/div>\n<p style=\"text-align: center;\">November. Exhibition in Lamroth Hakol. Buenos Aires. \/\/ Noviembre. Exposici\u00f3n colectiva en Lamroth Hakol.<\/p>\n<p style=\"text-align: center;\">October: Exhibition in BADA. La Rural. Buenos Aires. \/\/ Octubre. Participaci\u00f3n en BADA. La Rural.<\/p>\n<p style=\"text-align: center;\">October. \u00abARFA\u00bb Colective Exhibition in Kuala Lumpur National Gallery. Malaysia. \/\/ Octubre. Participaci\u00f3n en la muestra colectiva \u00abARFA\u00bb en la National Gallery de Kuala Lumpur. Malasia.<\/p>\n<p style=\"text-align: center;\">September. Solo show \u00abProyecci\u00f3n\u00bb at Bo Concept Buenos Aires. \/\/ Septiembre. Muestra Individual \u201cProyecci\u00f3n\u201d en BoConcept.<\/p>\n<p style=\"text-align: center;\">September. Selected work of art in the painting category in the 2nd painting contest of Fundaci\u00f3n Federada Salud. \/\/ Septiembre. Obra seleccionada en la Secci\u00f3n Pintura en el 2do Concurso Fundaci\u00f3n Federada Salud.<\/p>\n<p style=\"text-align: center;\">June. Exhibition in Mir\u00e1 Art Festival. Centro Cultural Borges. Buenos Aires. \/\/ Junio. Participaci\u00f3n en MIR\u00c1 Festival de Arte. Centro Cultural Borges.<\/p>\n<p style=\"text-align: center;\">June. Selected work of art in the National Contest PreBAI &#8211; UNLaM. \/\/ Junio. Obra seleccionada en el Concurso Nacional PreBAI &#8211; UNLaM, y participaci\u00f3n en la exhibici\u00f3n.<\/p>\n<p style=\"text-align: center;\">April. Exhibition in Art Market San Francisco. San Francisco. \/\/ Abril. Participaci\u00f3n en Art Market San Francisco. San Francisco.<\/p>\n<p>[\/vc_column_text][vc_text_separator title=\u00bb2017&#8243; border_width=\u00bb2&#8243;][vc_column_text]<\/p>\n<p dir=\"ltr\" style=\"text-align: center;\">December. Exhibition in Scope Art Fair. Miami. \/\/\u00a0Diciembre. Participaci\u00f3n en la feria Scope.Miami.<\/p>\n<p style=\"text-align: center;\">November. Collective exhibition in Lamroth Hakoi \/\/ Noviembre. Exposici\u00f3n colectiva en Lamroth Hakol.<\/p>\n<p dir=\"ltr\" style=\"text-align: center;\">October. Selected work of art in the painting category in the 1st painting contest of Fundaci\u00f3n Federada Salud. \/\/\u00a0Octubre. Obra seleccionada en la Secci\u00f3n Pintura en el 1er Concurso Fundaci\u00f3n Federada Salud.Rosario, y participaci\u00f3n en la exhibici\u00f3n.<\/p>\n<p dir=\"ltr\" style=\"text-align: center;\">October. Collective exhibition in Arenales Art Gallery. Buenos Aires. \/\/\u00a0Octubre. Exposici\u00f3n colectiva en Galer\u00eda Arenales.<\/p>\n<p dir=\"ltr\" style=\"text-align: center;\">October. Solo exhibition \u201cHorizon\u201d at CasaSur Art Hotel. Buenos Aires. \/\/\u00a0Octubre. Exposici\u00f3n individual Horizonte en Casa Sur Hotel.<\/p>\n<p dir=\"ltr\" style=\"text-align: center;\">June. Exhibition in Mir\u00e1 Art Festival. Centro Cultural Borges. Buenos Aires. \/\/\u00a0Junio. Participaci\u00f3n en MIR\u00c1 Festival de Arte. Centro Cultural Borges.<\/p>\n<p dir=\"ltr\" style=\"text-align: center;\">January. Exhibition in Art Wynwood Fair. Miami. \/\/\u00a0Enero. Participaci\u00f3n en la feria Art Wynwood. Miami.<\/p>\n<p>[\/vc_column_text][vc_text_separator title=\u00bb2016&#8243; border_width=\u00bb2&#8243;][vc_column_text]<\/p>\n<p style=\"text-align: center;\">December. Exhibition in Gallery Day Palermo. Taller Arevalito. Buenos Aires. \/\/\u00a0Diciembre. Participaci\u00f3n Gallery Day Palermo. Taller Arevalito.<\/p>\n<p style=\"text-align: center;\">December. Exhibition in Aqua Art Miami. \/\/ Diciembre. Participaci\u00f3n en la feria Aqua Art Miami.<\/p>\n<p style=\"text-align: center;\">November. Exhibition in Lamroth Hakol. Buenos Aires. \/\/\u00a0Noviembre. Exposici\u00f3n colectiva en Lamroth Hakol.<\/p>\n<p style=\"text-align: center;\">September. Exhibition in Art Medell\u00edn. \/\/\u00a0Septiembre. Participaci\u00f3n en la feria Art Medellin.<\/p>\n<p style=\"text-align: center;\">September. Collective exhibition at La Argentina Art Gallery. Buenos Aires. \/\/\u00a0Septiembre. Exposici\u00f3n colectiva. Galer\u00eda La Argentina.<\/p>\n<p style=\"text-align: center;\">July. Exhibition in Mir\u00e1 Art Festival. Centro Cultural Borges. Buenos Aires. \/\/\u00a0Julio. Participaci\u00f3n en MIR\u00c1 Festival de Arte. Centro Cultural Borges.<\/p>\n<p style=\"text-align: center;\">April. Exhibition in Artexpo NYC. \/\/\u00a0Abril. Participaci\u00f3n en la feria Artexpo NYC.<\/p>\n<p>[\/vc_column_text][vc_text_separator title=\u00bb2015&#8243; border_width=\u00bb2&#8243;][vc_column_text]<\/p>\n<p style=\"text-align: center;\">December. Exhibition in Gallery Nights. Taller Arevalito. Buenos Aires. \/\/\u00a0Diciembre. Participaci\u00f3n en Gallery Nights. Taller Arevalito.<\/p>\n<p style=\"text-align: center;\">November. Collective exhibition in Lamroth Hakol. Buenos Aires. \/\/\u00a0Noviembre. Exposici\u00f3n colectiva en Lamroth Hakol.<\/p>\n<p style=\"text-align: center;\">June. Collective exhibition Grupo Transforma at CasaSur Art Hotel. Buenos Aires. \/\/\u00a0Junio. Exposici\u00f3n colectiva Grupo Transforma. Casasur Art Hotel.<\/p>\n<p>[\/vc_column_text][vc_text_separator title=\u00bb2014&#8243; border_width=\u00bb2&#8243;][vc_column_text]<\/p>\n<p style=\"text-align: center;\">December. Group show at Workshop Cazadores del Arte. Buenos Aires. \/\/\u00a0Diciembre. Exposici\u00f3n colectiva en Cl\u00ednica Cazadores del Arte.<\/p>\n<p style=\"text-align: center;\">April. Exhibition in Mir\u00e1 Art Festival. Centro Cultural Recoleta. Buenos Aires. \/\/\u00a0Abril. Participaci\u00f3n en MIR\u00c1 Festival de Arte. Centro Cultural Recoleta.<\/p>\n<p style=\"text-align: center;\">April. Exhibition in Artexpo NYC. \/\/\u00a0Abril. Participaci\u00f3n en la feria Artexpo NYC.<\/p>\n<p style=\"text-align: center;\">[ht_gallery id=\u00bb4056&#8243; name=\u00bb2014&#8243; columns=\u00bb3&#8243;]<\/p>\n<p>[\/vc_column_text][vc_text_separator title=\u00bb2013&#8243; border_width=\u00bb2&#8243;][vc_column_text]<\/p>\n<p style=\"text-align: center;\">December. Collevtive exhibition at CasaSur Art Hotel. Buenos Aires. \/\/\u00a0Diciembre &#8211; Marzo 2014. Exposici\u00f3n colectiva en CasaSur Art Hotel.<\/p>\n<p style=\"text-align: center;\">January. Collective exhibition at La Liga de Fomento. Punta del Este. \/\/\u00a0Enero. Exposici\u00f3n colectiva en La Liga de Fomento. Punta del Este.<\/p>\n<p>[ht_gallery id=\u00bb4059&#8243; name=\u00bb2013&#8243; columns=\u00bb3&#8243;][\/vc_column_text][vc_text_separator title=\u00bb2012&#8243; border_width=\u00bb2&#8243;][vc_column_text]<\/p>\n<p style=\"text-align: center;\">December. Collective exhibition at artist Alejandra Roux&#8217;s Studio. Buenos Aires. \/\/\u00a0Diciembre. Exposici\u00f3n colectiva. Taller de Alejandra Roux.<\/p>\n<p>[\/vc_column_text][vc_text_separator title=\u00bb2011&#8243; border_width=\u00bb2&#8243;][vc_column_text]<\/p>\n<p style=\"text-align: center;\">December. Collective exhibition at artist Alejandra Roux&#8217;s Studio. Buenos Aires. \/\/\u00a0Diciembre. Exposici\u00f3n colectiva. Taller de Alejandra Roux.<\/p>\n<p>[\/vc_column_text][vc_text_separator title=\u00bb2010&#8243; border_width=\u00bb2&#8243;][vc_column_text]<\/p>\n<p style=\"text-align: center;\">December. Collective exhibition at Guillermo Roux Art School. Buenos Aires. \/\/ Diciembre. Exhibici\u00f3n Colectiva en Escuela de Arte Guillermo Roux. Buenos Aires<br \/>\nSeptember. Exhibition in ExpoTrastienda. Buenos Aires. \/\/ Septiembre. Exposici\u00f3n en ExpoTrastienda. Buenos Aires<\/p>\n<p>[\/vc_column_text][vc_text_separator title=\u00bb2009&#8243; border_width=\u00bb2&#8243;][vc_column_text]<\/p>\n<p style=\"text-align: center;\">December. Collective exhibition at Guillermo Roux Art School. Buenos Aires. \/\/\u00a0Diciembre. Exposici\u00f3n colectiva. Taller de Guillermo Roux.<\/p>\n<p style=\"text-align: center;\">November. Exhibition in ArteCl\u00e1sica fair. Buenos Aires. \/\/\u00a0Noviembre. Participaci\u00f3n en feria ArteCl\u00e1sica.<\/p>\n<p>[\/vc_column_text][vc_text_separator title=\u00bb2008&#8243; border_width=\u00bb2&#8243;][vc_column_text]<\/p>\n<p style=\"text-align: center;\">December. Collective exhibition at Guillermo Roux Art School. Buenos Aires. \/\/\u00a0Diciembre. Exposici\u00f3n colectiva. Taller de Guillermo Roux.<\/p>\n<p>June. IV Salon of free artistic expression. Casa Yrurtia Museum. Selected work of art in the painting category. Buenos Aires. \/\/\u00a0Junio. IV Sal\u00f3n de Libre Expresi\u00f3n Pl\u00e1stica. Museo Casa Yrurtia. Obra seleccionada en la Secci\u00f3n Pintura.<\/p>\n<p>[\/vc_column_text][vc_text_separator title=\u00bb2007&#8243; border_width=\u00bb2&#8243;][vc_column_text]<\/p>\n<p style=\"text-align: center;\">December. Collective exhibition at Guillermo Roux Art School. Buenos Aires. \/\/\u00a0Diciembre. Exposici\u00f3n colectiva. Taller de Guillermo Roux.<\/p>\n<p>[\/vc_column_text][vc_text_separator title=\u00bb2005&#8243; border_width=\u00bb2&#8243;][vc_column_text]<\/p>\n<p style=\"text-align: center;\">May. Collective exhibition in La Casa de la Moneda. Workshop at Amalia Est\u00e9vez&#8217;s studio. Buenos Aires. \/\/\u00a0Mayo. Exposici\u00f3n colectiva en La Casa de la Moneda. Taller Amalia Est\u00e9vez.<\/p>\n<p>[\/vc_column_text][\/vc_column][\/vc_row]<\/p>\n","protected":false},"excerpt":{"rendered":"<p>[vc_row][vc_column][vc_text_separator title=\u00bb2024&#8243; border_width=\u00bb2&#8243;][vc_column_text] Solo exhibition \u00abConstellations\u00bb, Alianza Francesa, Buenos Aires. \/\/ Exposici\u00f3n individual \u00abConstelaciones\u00bb, Alianza Francesa, Buenos Aires. Solo exhibition \u00abEchoes\u00bb, Deva Art Gallery, Buenos Aires&#8230;.<\/p>\n","protected":false},"author":1,"featured_media":0,"parent":0,"menu_order":0,"comment_status":"open","ping_status":"open","template":"","meta":{"footnotes":""},"class_list":["post-3997","page","type-page","status-publish","hentry"],"_links":{"self":[{"href":"https:\/\/betinaattas.com.ar\/index.php?rest_route=\/wp\/v2\/pages\/3997","targetHints":{"allow":["GET"]}}],"collection":[{"href":"https:\/\/betinaattas.com.ar\/index.php?rest_route=\/wp\/v2\/pages"}],"about":[{"href":"https:\/\/betinaattas.com.ar\/index.php?rest_route=\/wp\/v2\/types\/page"}],"author":[{"embeddable":true,"href":"https:\/\/betinaattas.com.ar\/index.php?rest_route=\/wp\/v2\/users\/1"}],"replies":[{"embeddable":true,"href":"https:\/\/betinaattas.com.ar\/index.php?rest_route=%2Fwp%2Fv2%2Fcomments&post=3997"}],"version-history":[{"count":35,"href":"https:\/\/betinaattas.com.ar\/index.php?rest_route=\/wp\/v2\/pages\/3997\/revisions"}],"predecessor-version":[{"id":4391,"href":"https:\/\/betinaattas.com.ar\/index.php?rest_route=\/wp\/v2\/pages\/3997\/revisions\/4391"}],"wp:attachment":[{"href":"https:\/\/betinaattas.com.ar\/index.php?rest_route=%2Fwp%2Fv2%2Fmedia&parent=3997"}],"curies":[{"name":"wp","href":"https:\/\/api.w.org\/{rel}","templated":true}]}}