{"id":3988,"date":"2016-11-16T18:36:35","date_gmt":"2016-11-16T18:36:35","guid":{"rendered":"http:\/\/betinaattas.com.ar\/?page_id=3988"},"modified":"2018-06-07T15:02:27","modified_gmt":"2018-06-07T15:02:27","slug":"about","status":"publish","type":"page","link":"https:\/\/betinaattas.com.ar\/?page_id=3988","title":{"rendered":"About"},"content":{"rendered":"<p>[vc_row][vc_column][vc_images_carousel images=\u00bb4272,4273,4274&#8243; img_size=\u00bbfull\u00bb autoplay=\u00bbyes\u00bb wrap=\u00bbyes\u00bb][vc_column_text]Nacida en Buenos Aires, Argentina, en 1961. Durante muchos a\u00f1os pint\u00f3 de manera autodidacta. Fue en 2002, a\u00f1o en que emigr\u00f3 a Estados Unidos, Miami, que comenz\u00f3 sus estudios de pintura hasta regresar a la Argentina en el a\u00f1o 2003. A partir de ese momento realiz\u00f3 talleres con Amalia Est\u00e9vez, durante siete a\u00f1os, y con Jos\u00e9 Luis Catoira, durante un a\u00f1o. Luego se form\u00f3 durante tres a\u00f1os en la Escuela de Guillermo Roux, all\u00ed realiz\u00f3 talleres con los profesores Anna Rank, Marina Curci, Laura Olalde y Mat\u00edas Ercole. Entre 2010 y 2012 continu\u00f3 su formaci\u00f3n con Alejandra Roux, y paralelamente con Laura Olalde (hasta 2016). Entre 2013 y 2014 particip\u00f3 de una Cl\u00ednica de Arte con Sergio Baz\u00e1n, Alejandra Roux y Fabiana Barreda. En 2015 realiz\u00f3 un curso sobre Gesti\u00f3n de Arte con Fabiana Barreda, y desde 2014 participa de viajes de estudio y cursos de Historia del Arte Contempor\u00e1neo con Hugo Petruchansky, y asimismo con Laura Batkis.<\/p>\n<p>Born in Buenos Aires, Argentina, in 1961. She was a self taught artist for many years. It was in 2002, when she immigrated to the United States, where she began her painting lessons, until she returned to Argentina in 2003. Since then she attended Amalia Est\u00e9vez\u2019s studio for seven years, and Jose Luis Catoira\u2019s workshop during a year. Then she attended Guillermo Roux Art School for three years, where she held workshops with professors Anna Rank, Marina Curci, Laura Olalde and Mat\u00edas Ercole. Between 2010 and 2012 she continued her training with Alejandra Roux, at the same time with Laura Olalde (until 2016). Between 2013 and 2014 she participated in an art clinic with Sergio Baz\u00e1n, Alejandra Roux and Fabiana Barreda. In 2015 took a course of Art Management with Fabiana Barreda, and since 2014 has attended courses on History of Contemporary Art with Hugo Petruchansky, and since 2015 with Laura Batkis.[\/vc_column_text][vc_btn title=\u00bbSeguime \/\/ Follow me\u00bb i_icon_fontawesome=\u00bbfa fa-instagram\u00bb link=\u00bburl:https%3A%2F%2Fwww.instagram.com%2Fbetinaattas.artist%2F|title:Follow%20on%20instagram|target:%20_blank|\u00bb add_icon=\u00bbtrue\u00bb][\/vc_column][\/vc_row]<\/p>\n","protected":false},"excerpt":{"rendered":"<p>[vc_row][vc_column][vc_images_carousel images=\u00bb4272,4273,4274&#8243; img_size=\u00bbfull\u00bb autoplay=\u00bbyes\u00bb wrap=\u00bbyes\u00bb][vc_column_text]Nacida en Buenos Aires, Argentina, en 1961. Durante muchos a\u00f1os pint\u00f3 de manera autodidacta. Fue en 2002, a\u00f1o en que emigr\u00f3 a&#8230;<\/p>\n","protected":false},"author":1,"featured_media":0,"parent":0,"menu_order":0,"comment_status":"open","ping_status":"open","template":"","meta":{"footnotes":""},"class_list":["post-3988","page","type-page","status-publish","hentry"],"_links":{"self":[{"href":"https:\/\/betinaattas.com.ar\/index.php?rest_route=\/wp\/v2\/pages\/3988","targetHints":{"allow":["GET"]}}],"collection":[{"href":"https:\/\/betinaattas.com.ar\/index.php?rest_route=\/wp\/v2\/pages"}],"about":[{"href":"https:\/\/betinaattas.com.ar\/index.php?rest_route=\/wp\/v2\/types\/page"}],"author":[{"embeddable":true,"href":"https:\/\/betinaattas.com.ar\/index.php?rest_route=\/wp\/v2\/users\/1"}],"replies":[{"embeddable":true,"href":"https:\/\/betinaattas.com.ar\/index.php?rest_route=%2Fwp%2Fv2%2Fcomments&post=3988"}],"version-history":[{"count":10,"href":"https:\/\/betinaattas.com.ar\/index.php?rest_route=\/wp\/v2\/pages\/3988\/revisions"}],"predecessor-version":[{"id":4277,"href":"https:\/\/betinaattas.com.ar\/index.php?rest_route=\/wp\/v2\/pages\/3988\/revisions\/4277"}],"wp:attachment":[{"href":"https:\/\/betinaattas.com.ar\/index.php?rest_route=%2Fwp%2Fv2%2Fmedia&parent=3988"}],"curies":[{"name":"wp","href":"https:\/\/api.w.org\/{rel}","templated":true}]}}